{"id":2,"date":"2023-02-23T15:45:38","date_gmt":"2023-02-23T15:45:38","guid":{"rendered":"https:\/\/certificadoraje.com.br\/?page_id=2"},"modified":"2023-02-24T11:24:56","modified_gmt":"2023-02-24T11:24:56","slug":"sample-page","status":"publish","type":"page","link":"https:\/\/certificadoraje.com.br\/?page_id=2","title":{"rendered":"Quem Somos"},"content":{"rendered":"\r\n<p>Somos uma Certificadora credenciada junto ao Minist\u00e9rio da Agricultura desde julho de 2002 e tem como principal objetivo a presta\u00e7\u00e3o de servi\u00e7os para o Produtor Rural com \u00eanfase no mercado de exporta\u00e7\u00e3o, atuando principalmente na concep\u00e7\u00e3o para os produtores interessados em Certificar sua propriedade para atingir os mercados mais exigentes do mundo.<\/p>\r\n<p>&nbsp;<\/p>\r\n<p>Situada em Rio Verde, estado de Goi\u00e1s, somos uma empresa com forte atua\u00e7\u00e3o em nosso Estado e tamb\u00e9m nos estados de Mato Grosso e Minas Gerais, a Certificadora JE busca contribuir para o melhoramento do agroneg\u00f3cio Brasileiro.<\/p>\r\n<p>&nbsp;<\/p>\r\n<p>Venha voc\u00ea tamb\u00e9m agregar mais valor a sua propriedade, procure nossa empresa.<\/p>\r\n<p>&nbsp;<\/p>\r\n<p>&nbsp;<\/p>\r\n","protected":false},"excerpt":{"rendered":"<p>Somos uma Certificadora credenciada junto ao Minist\u00e9rio da Agricultura desde julho de 2002 e tem como principal objetivo a presta\u00e7\u00e3o de servi\u00e7os para o Produtor Rural com \u00eanfase no mercado de exporta\u00e7\u00e3o, atuando principalmente na concep\u00e7\u00e3o para os produtores interessados em Certificar sua propriedade para atingir os mercados mais exigentes do mundo. &nbsp; Situada em Rio Verde, estado de Goi\u00e1s, somos uma empresa com forte atua\u00e7\u00e3o em nosso Estado e tamb\u00e9m nos estados de Mato Grosso e Minas Gerais, a Certificadora JE busca contribuir para o melhoramento do agroneg\u00f3cio Brasileiro. &nbsp; Venha voc\u00ea tamb\u00e9m agregar mais valor a sua propriedade,&#8230; <\/p>\n","protected":false},"author":1,"featured_media":0,"parent":0,"menu_order":0,"comment_status":"closed","ping_status":"closed","template":"","meta":{"footnotes":""},"class_list":["post-2","page","type-page","status-publish","hentry"],"_links":{"self":[{"href":"https:\/\/certificadoraje.com.br\/index.php?rest_route=\/wp\/v2\/pages\/2","targetHints":{"allow":["GET"]}}],"collection":[{"href":"https:\/\/certificadoraje.com.br\/index.php?rest_route=\/wp\/v2\/pages"}],"about":[{"href":"https:\/\/certificadoraje.com.br\/index.php?rest_route=\/wp\/v2\/types\/page"}],"author":[{"embeddable":true,"href":"https:\/\/certificadoraje.com.br\/index.php?rest_route=\/wp\/v2\/users\/1"}],"replies":[{"embeddable":true,"href":"https:\/\/certificadoraje.com.br\/index.php?rest_route=%2Fwp%2Fv2%2Fcomments&post=2"}],"version-history":[{"count":4,"href":"https:\/\/certificadoraje.com.br\/index.php?rest_route=\/wp\/v2\/pages\/2\/revisions"}],"predecessor-version":[{"id":21,"href":"https:\/\/certificadoraje.com.br\/index.php?rest_route=\/wp\/v2\/pages\/2\/revisions\/21"}],"wp:attachment":[{"href":"https:\/\/certificadoraje.com.br\/index.php?rest_route=%2Fwp%2Fv2%2Fmedia&parent=2"}],"curies":[{"name":"wp","href":"https:\/\/api.w.org\/{rel}","templated":true}]}}